{"id":183,"date":"2016-03-01T08:26:43","date_gmt":"2016-03-01T08:26:43","guid":{"rendered":"http:\/\/www.holmesburger.com\/?page_id=183"},"modified":"2025-11-06T12:26:54","modified_gmt":"2025-11-06T12:26:54","slug":"about","status":"publish","type":"page","link":"http:\/\/www.holmesburger.com\/index.php\/about\/","title":{"rendered":"About us"},"content":{"rendered":"<div class=\"wpb-content-wrapper\"><p>[vc_row parallax=&#8221;content-moving&#8221; parallax_image=&#8221;625&#8243; ova_bg_pattern=&#8221;rgba(17,17,17,0.45)&#8221; css=&#8221;.vc_custom_1762431754824{margin-top: 15px !important;}&#8221;][vc_column css=&#8221;.vc_custom_1762431714237{padding-top: 220px !important;padding-bottom: 80px !important;background-position: center !important;background-repeat: no-repeat !important;background-size: cover !important;}&#8221; offset=&#8221;vc_col-lg-offset-1 vc_col-lg-10 vc_col-md-offset-1 vc_col-md-10&#8243;]<div class=\"text-center hero-text white\"><h2 class=\"section-title  wow bounceIn white\">Hakk\u0131m\u0131zda<\/h2><\/div>[\/vc_column][\/vc_row][vc_row el_class=&#8221;section-grey&#8221;][vc_column width=&#8221;1\/2&#8243; el_class=&#8221;wow slideInLeft&#8221;][vc_single_image image=&#8221;679&#8243; img_size=&#8221;full&#8221; alignment=&#8221;center&#8221; css=&#8221;&#8221;][\/vc_column][vc_column width=&#8221;1\/2&#8243; el_class=&#8221;text-center padding-top-40 padding-bottom-40 wow slideInRight&#8221;]<div class=\"\"><span class=\"comic-text \">S\u0131rl\u0131 Lezzetin<\/span><h2 class=\"section-title  \">Yolculu\u011fu<\/h2><p class=\"\">Sizlere benzersiz bir deneyim ya\u015fat\u0131yoruz. Holmes Burger olarak D\u00fcnya mutfa\u011f\u0131n\u0131n en kaliteli baharatlar\u0131 ve \u00f6zg\u00fcn lezzetleriyle kar\u0131\u015ft\u0131rd\u0131k. Sizlere S\u0131rl\u0131 Lezzetleri meydana getirdik.<\/p>\n<p>Her zaman s\u0131cak, her zaman taze ve \u00f6zenle haz\u0131rlanm\u0131\u015f \u00fcr\u00fcn \u00e7e\u015fitlerimizle sizi bekliyoruz.<\/p><a href=\"#\" target=\"_self\" class=\"btn btn-lg btn-yellow \">SIRLI LEZZET'E GEL<\/a><\/div>[\/vc_column][\/vc_row]<\/p>\n<\/div>","protected":false},"excerpt":{"rendered":"<p>[vc_row parallax=&#8221;content-moving&#8221; parallax_image=&#8221;625&#8243; ova_bg_pattern=&#8221;rgba(17,17,17,0.45)&#8221; css=&#8221;.vc_custom_1762431754824{margin-top: 15px !important;}&#8221;][vc_column css=&#8221;.vc_custom_1762431714237{padding-top: 220px !important;padding-bottom: 80px !important;background-position: center !important;background-repeat: no-repeat !important;background-size: cover !important;}&#8221; offset=&#8221;vc_col-lg-offset-1 vc_col-lg-10 vc_col-md-offset-1 vc_col-md-10&#8243;][\/vc_column][\/vc_row][vc_row el_class=&#8221;section-grey&#8221;][vc_column width=&#8221;1\/2&#8243; el_class=&#8221;wow slideInLeft&#8221;][vc_single_image image=&#8221;679&#8243; img_size=&#8221;full&#8221; alignment=&#8221;center&#8221; css=&#8221;&#8221;][\/vc_column][vc_column width=&#8221;1\/2&#8243; el_class=&#8221;text-center padding-top-40 padding-bottom-40 wow slideInRight&#8221;][\/vc_column][\/vc_row]<\/p>\n","protected":false},"author":1,"featured_media":0,"parent":0,"menu_order":0,"comment_status":"closed","ping_status":"closed","template":"templates\/visualcomposer_template.php","meta":{"_monsterinsights_skip_tracking":false,"_monsterinsights_sitenote_active":false,"_monsterinsights_sitenote_note":"","_monsterinsights_sitenote_category":0,"footnotes":""},"class_list":["post-183","page","type-page","status-publish","hentry"],"aioseo_notices":[],"_links":{"self":[{"href":"http:\/\/www.holmesburger.com\/index.php\/wp-json\/wp\/v2\/pages\/183","targetHints":{"allow":["GET"]}}],"collection":[{"href":"http:\/\/www.holmesburger.com\/index.php\/wp-json\/wp\/v2\/pages"}],"about":[{"href":"http:\/\/www.holmesburger.com\/index.php\/wp-json\/wp\/v2\/types\/page"}],"author":[{"embeddable":true,"href":"http:\/\/www.holmesburger.com\/index.php\/wp-json\/wp\/v2\/users\/1"}],"replies":[{"embeddable":true,"href":"http:\/\/www.holmesburger.com\/index.php\/wp-json\/wp\/v2\/comments?post=183"}],"version-history":[{"count":8,"href":"http:\/\/www.holmesburger.com\/index.php\/wp-json\/wp\/v2\/pages\/183\/revisions"}],"predecessor-version":[{"id":727,"href":"http:\/\/www.holmesburger.com\/index.php\/wp-json\/wp\/v2\/pages\/183\/revisions\/727"}],"wp:attachment":[{"href":"http:\/\/www.holmesburger.com\/index.php\/wp-json\/wp\/v2\/media?parent=183"}],"curies":[{"name":"wp","href":"https:\/\/api.w.org\/{rel}","templated":true}]}}