{"id":255,"date":"2016-03-03T08:49:06","date_gmt":"2016-03-03T08:49:06","guid":{"rendered":"http:\/\/www.holmesburger.com\/?page_id=255"},"modified":"2025-11-06T12:42:22","modified_gmt":"2025-11-06T12:42:22","slug":"reservations","status":"publish","type":"page","link":"http:\/\/www.holmesburger.com\/index.php\/reservations\/","title":{"rendered":"Bayi Ol"},"content":{"rendered":"<div class=\"wpb-content-wrapper\"><p>[vc_row parallax=&#8221;content-moving&#8221; parallax_image=&#8221;625&#8243; ova_bg_pattern=&#8221;rgba(17,17,17,0.65)&#8221; css=&#8221;.vc_custom_1762432785288{margin-top: 15px !important;}&#8221;][vc_column css=&#8221;.vc_custom_1762432804072{padding-top: 220px !important;padding-bottom: 80px !important;}&#8221; offset=&#8221;vc_col-lg-offset-1 vc_col-lg-10 vc_col-md-offset-1 vc_col-md-10&#8243;]<div class=\"text-center hero-text white\"><h2 class=\"section-title  wow bounceIn white\">SENDE B\u0130ZE KATIL<\/h2><\/div>[\/vc_column][\/vc_row][vc_row el_class=&#8221;section-white small-padding no-padding-bottom&#8221;][vc_column width=&#8221;1\/2&#8243;][vc_single_image image=&#8221;638&#8243; img_size=&#8221;full&#8221; alignment=&#8221;center&#8221; css=&#8221;.vc_custom_1761499714778{margin-bottom: 0px !important;}&#8221; el_class=&#8221;wow bounceInUp&#8221;][\/vc_column][vc_column width=&#8221;1\/2&#8243;]<div class=\"text-center\"><span class=\"comic-text \">Holmes Burger<\/span><h2 class=\"section-title  \">Bayimiz Olun<\/h2><p class=\"\">T\u00fcrkiye\u2019nin en h\u0131zl\u0131 b\u00fcy\u00fcyen burger markalar\u0131ndan biriyle i\u015f orta\u011f\u0131 ol!<br \/>\nKan\u0131tlanm\u0131\u015f i\u015f modeli, g\u00fc\u00e7l\u00fc marka bilinirli\u011fi ve y\u00fcksek k\u00e2r potansiyeliyle bayilik f\u0131rsat\u0131n\u0131 ka\u00e7\u0131rma.<\/p><\/div>\n<div class=\"wpcf7 no-js\" id=\"wpcf7-f321-o1\" lang=\"en-US\" dir=\"ltr\" data-wpcf7-id=\"321\">\n<div class=\"screen-reader-response\"><p role=\"status\" aria-live=\"polite\" aria-atomic=\"true\"><\/p> <ul><\/ul><\/div>\n<form action=\"\/index.php\/wp-json\/wp\/v2\/pages\/255#wpcf7-f321-o1\" method=\"post\" class=\"wpcf7-form init\" aria-label=\"Contact form\" novalidate=\"novalidate\" data-status=\"init\">\n<fieldset class=\"hidden-fields-container\"><input type=\"hidden\" name=\"_wpcf7\" value=\"321\" \/><input type=\"hidden\" name=\"_wpcf7_version\" value=\"6.1.5\" \/><input type=\"hidden\" name=\"_wpcf7_locale\" value=\"en_US\" \/><input type=\"hidden\" name=\"_wpcf7_unit_tag\" value=\"wpcf7-f321-o1\" \/><input type=\"hidden\" name=\"_wpcf7_container_post\" value=\"0\" \/><input type=\"hidden\" name=\"_wpcf7_posted_data_hash\" value=\"\" \/>\n<\/fieldset>\n<table style=\"width:100%;max-width:1100px;margin:auto;font-family:'Poppins',sans-serif;\">\n\t<tr>\n\t\t<td style=\"vertical-align:top;width:50%;padding-right:25px;\">\n\t\t\t<p style=\"font-weight:600;font-size:17px;color:#111;margin-bottom:10px;border-left:4px solid #e19d3a;padding-left:10px;\">Ba\u015fvuran Bilgileri\n\t\t\t<\/p>\n\t\t\t<p><span class=\"wpcf7-form-control-wrap\" data-name=\"your-name\"><input size=\"40\" maxlength=\"400\" class=\"wpcf7-form-control wpcf7-text wpcf7-validates-as-required\" aria-required=\"true\" aria-invalid=\"false\" placeholder=\"Ad\u0131n\u0131z - Soyad\u0131n\u0131z*\" value=\"\" type=\"text\" name=\"your-name\" \/><\/span><br \/>\n<span class=\"wpcf7-form-control-wrap\" data-name=\"your-email\"><input size=\"40\" maxlength=\"400\" class=\"wpcf7-form-control wpcf7-email wpcf7-validates-as-required wpcf7-text wpcf7-validates-as-email\" aria-required=\"true\" aria-invalid=\"false\" placeholder=\"E-posta Adresiniz*\" value=\"\" type=\"email\" name=\"your-email\" \/><\/span><br \/>\n<span class=\"wpcf7-form-control-wrap\" data-name=\"your-phone\"><input size=\"40\" maxlength=\"400\" class=\"wpcf7-form-control wpcf7-tel wpcf7-validates-as-required wpcf7-text wpcf7-validates-as-tel\" aria-required=\"true\" aria-invalid=\"false\" placeholder=\"Telefon Numaran\u0131z*\" value=\"\" type=\"tel\" name=\"your-phone\" \/><\/span><br \/>\n<span class=\"wpcf7-form-control-wrap\" data-name=\"your-company\"><input size=\"40\" maxlength=\"400\" class=\"wpcf7-form-control wpcf7-text\" aria-invalid=\"false\" placeholder=\"Firma Ad\u0131 (varsa)\" value=\"\" type=\"text\" name=\"your-company\" \/><\/span>\n\t\t\t<\/p>\n\t\t\t<p style=\"font-weight:600;font-size:17px;color:#111;margin:25px 0 10px;border-left:4px solid #e19d3a;padding-left:10px;\">Lokasyon & \u015eehir\n\t\t\t<\/p>\n\t\t\t<p><span class=\"wpcf7-form-control-wrap\" data-name=\"city\"><input size=\"40\" maxlength=\"400\" class=\"wpcf7-form-control wpcf7-text wpcf7-validates-as-required\" aria-required=\"true\" aria-invalid=\"false\" placeholder=\"\u015eehir \/ \u0130l\u00e7e* (\u00f6rn. \u0130stanbul \/ Kad\u0131k\u00f6y)\" value=\"\" type=\"text\" name=\"city\" \/><\/span><br \/>\n<span class=\"wpcf7-form-control-wrap\" data-name=\"address\"><input size=\"40\" maxlength=\"400\" class=\"wpcf7-form-control wpcf7-text\" aria-invalid=\"false\" placeholder=\"Adres veya AVM ad\u0131 (varsa)\" value=\"\" type=\"text\" name=\"address\" \/><\/span><br \/>\n<span class=\"wpcf7-form-control-wrap\" data-name=\"location-type\"><select class=\"wpcf7-form-control wpcf7-select wpcf7-validates-as-required\" aria-required=\"true\" aria-invalid=\"false\" name=\"location-type\"><option value=\"Cadde \u00fczeri\">Cadde \u00fczeri<\/option><option value=\"AVM i\u00e7i\">AVM i\u00e7i<\/option><option value=\"Food court\">Food court<\/option><option value=\"\u00dcniversite \u00e7evresi\">\u00dcniversite \u00e7evresi<\/option><option value=\"\u0130\u015f merkezi\">\u0130\u015f merkezi<\/option><option value=\"Di\u011fer\">Di\u011fer<\/option><\/select><\/span>\n\t\t\t<\/p>\n\t\t<\/td>\n\t\t<td style=\"vertical-align:top;width:50%;padding-left:25px;\">\n\t\t\t<p style=\"font-weight:600;font-size:17px;color:#111;margin-bottom:10px;border-left:4px solid #e19d3a;padding-left:10px;\">Bizi Nereden Duydunuz?\n\t\t\t<\/p>\n\t\t\t<p><span class=\"wpcf7-form-control-wrap\" data-name=\"source\"><select class=\"wpcf7-form-control wpcf7-select wpcf7-validates-as-required\" aria-required=\"true\" aria-invalid=\"false\" name=\"source\"><option value=\"Google \/ Arama\">Google \/ Arama<\/option><option value=\"Instagram\">Instagram<\/option><option value=\"TikTok\">TikTok<\/option><option value=\"YouTube\">YouTube<\/option><option value=\"Gazete \/ Haber\">Gazete \/ Haber<\/option><option value=\"Arkada\u015f \/ Referans\">Arkada\u015f \/ Referans<\/option><option value=\"Mevcut \u015fubemiz\">Mevcut \u015fubemiz<\/option><option value=\"Fuar \/ Etkinlik\">Fuar \/ Etkinlik<\/option><option value=\"Di\u011fer\">Di\u011fer<\/option><\/select><\/span><br \/>\n<span class=\"wpcf7-form-control-wrap\" data-name=\"source-detail\"><input size=\"40\" maxlength=\"400\" class=\"wpcf7-form-control wpcf7-text\" aria-invalid=\"false\" placeholder=\"Ayr\u0131nt\u0131 \/ Referans ad\u0131 (varsa)\" value=\"\" type=\"text\" name=\"source-detail\" \/><\/span>\n\t\t\t<\/p>\n\t\t\t<p style=\"font-weight:600;font-size:17px;color:#111;margin:25px 0 10px;border-left:4px solid #e19d3a;padding-left:10px;\">Mesaj\u0131n\u0131z\n\t\t\t<\/p>\n\t\t\t<p><span class=\"wpcf7-form-control-wrap\" data-name=\"your-message\"><textarea cols=\"40\" rows=\"10\" maxlength=\"2000\" class=\"wpcf7-form-control wpcf7-textarea wpcf7-validates-as-required\" aria-required=\"true\" aria-invalid=\"false\" placeholder=\"Bayilik talebinizi veya a\u00e7\u0131klaman\u0131z\u0131 yaz\u0131n\u0131z...\" name=\"your-message\"><\/textarea><\/span>\n\t\t\t<\/p>\n\t\t\t<div style=\"margin:15px 0;\">\n\t\t\t\t<p>[acceptance* kvkk] <span style=\"font-size:14px;color:#444;\">KVKK \/ Ayd\u0131nlatma Metni\u2019ni okudum ve kabul ediyorum.<\/span> [\/acceptance]\n\t\t\t\t<\/p>\n\t\t\t<\/div>\n\t\t\t<div style=\"text-align:center;margin-top:20px;\">\n\t\t\t\t<p><input class=\"wpcf7-form-control wpcf7-submit has-spinner\" type=\"submit\" value=\"Ba\u015fvuruyu G\u00f6nder\" \/>\n\t\t\t\t<\/p>\n\t\t\t<\/div>\n\t\t<\/td>\n\t<\/tr>\n<\/table><p style=\"display: none !important;\" class=\"akismet-fields-container\" data-prefix=\"_wpcf7_ak_\"><label>&#916;<textarea name=\"_wpcf7_ak_hp_textarea\" cols=\"45\" rows=\"8\" maxlength=\"100\"><\/textarea><\/label><input type=\"hidden\" id=\"ak_js_1\" name=\"_wpcf7_ak_js\" value=\"131\"\/><script type=\"text\/javascript\">\n\/* <![CDATA[ *\/\ndocument.getElementById( \"ak_js_1\" ).setAttribute( \"value\", ( new Date() ).getTime() );\n\/* ]]> *\/\n<\/script>\n<\/p><div class=\"wpcf7-response-output\" aria-hidden=\"true\"><\/div>\n<\/form>\n<\/div>\n[\/vc_column][\/vc_row][vc_row][vc_column][vc_zigzag color=&#8221;black&#8221; el_border_width=&#8221;20&#8243;][\/vc_column][\/vc_row][vc_row][vc_column][vc_column_text css=&#8221;&#8221;]<\/p>\n<h2 style=\"text-align: center;\"><strong>Bayilik S\u00fcreci Nas\u0131l \u0130\u015fliyor?<\/strong><\/h2>\n<p>[\/vc_column_text][\/vc_column][\/vc_row][vc_row][vc_column][vc_column_text css=&#8221;&#8221;]<\/p>\n<ol>\n<li><span style=\"color: #000000;\">\u00a0Bayilik i\u00e7in \u00f6nce formu doldurunuz.<\/span><\/li>\n<li><span style=\"color: #000000;\">Ba\u015fvurunuzun ard\u0131ndan, online \u00f6n g\u00f6r\u00fc\u015fme yapmak i\u00e7in adaylara randevu verilir.<\/span><\/li>\n<li><span style=\"color: #000000;\">Aday, d\u00fckkan a\u00e7mak istedi\u011fi b\u00f6lge i\u00e7in ara\u015ft\u0131rma yapar. Yapt\u0131klar\u0131 ara\u015ft\u0131rmay\u0131, kendilerini tan\u0131tmak ve i\u015f planlar\u0131n\u0131 anlamak i\u00e7in y\u00f6netimle toplant\u0131 d\u00fczenlenir.<\/span><\/li>\n<li><span style=\"color: #000000;\">Onay alan aday ile Holmes Burger aras\u0131nda s\u00f6zle\u015fme imzalan\u0131r. Onay alan aday\u0131n b\u00f6lgesi bayilik ile ilgili g\u00f6r\u00fc\u015fmelere kapat\u0131l\u0131r.<\/span><\/li>\n<li><span style=\"color: #000000;\">Holmes Burger, onay alan aday\u0131n d\u00fckkan\u0131n gerekli tadilat ve i\u015flemlerini ger\u00e7ekle\u015ftirir. Bu s\u00fcre\u00e7te aday\u0131n resmi i\u015flemlerde gerekli mentorluk deste\u011fi verilir.<\/span><\/li>\n<li><span style=\"color: #000000;\">Aday\u0131n d\u00fckkan\u0131 haz\u0131r olmas\u0131 ile beraber e\u011fitim s\u00fcreci ba\u015flar. Hem Holmes Burger aktif merkezinde hem aday\u0131n d\u00fckkan\u0131nda gerekli e\u011fitimler verilerek aday uzmanla\u015fmas\u0131 sa\u011flan\u0131r.<\/span><\/li>\n<li><span style=\"color: #000000;\">Her\u015feyin haz\u0131r olmas\u0131 ile beraber aday ilk Holmes Burger&#8217;\u0131n\u0131 satmaya haz\u0131rd\u0131r.<\/span><\/li>\n<\/ol>\n<p>[\/vc_column_text][vc_column_text css=&#8221;&#8221;]<span style=\"color: #000000;\">Aday\u0131n onay ald\u0131\u011f\u0131 g\u00fcnden itibaren Holmes Burger her konuda bayilerine destek vermektedir. \u0130\u015flerin sa\u011fl\u0131kl\u0131 ve sorunsuz y\u00fcr\u00fcmesi i\u00e7in Holmes Burger denetim ekipleri hem bayiyi denetlerken hem de olas\u0131 sorunlar\u0131 \u00e7\u00f6z\u00fcme kavu\u015fturarak bayinin \u00fczerindeki i\u015f y\u00fck\u00fcn\u00fc hafifletmektedir.<\/span>[\/vc_column_text][vc_zigzag color=&#8221;black&#8221; el_border_width=&#8221;20&#8243;][\/vc_column][\/vc_row]<\/p>\n<\/div>","protected":false},"excerpt":{"rendered":"<p>[vc_row parallax=&#8221;content-moving&#8221; parallax_image=&#8221;625&#8243; ova_bg_pattern=&#8221;rgba(17,17,17,0.65)&#8221; css=&#8221;.vc_custom_1762432785288{margin-top: 15px !important;}&#8221;][vc_column css=&#8221;.vc_custom_1762432804072{padding-top: 220px !important;padding-bottom: 80px !important;}&#8221; offset=&#8221;vc_col-lg-offset-1 vc_col-lg-10 vc_col-md-offset-1 vc_col-md-10&#8243;][\/vc_column][\/vc_row][vc_row el_class=&#8221;section-white small-padding no-padding-bottom&#8221;][vc_column width=&#8221;1\/2&#8243;][vc_single_image image=&#8221;638&#8243; img_size=&#8221;full&#8221; alignment=&#8221;center&#8221; css=&#8221;.vc_custom_1761499714778{margin-bottom: 0px !important;}&#8221; el_class=&#8221;wow bounceInUp&#8221;][\/vc_column][vc_column width=&#8221;1\/2&#8243;][\/vc_column][\/vc_row][vc_row][vc_column][vc_zigzag color=&#8221;black&#8221; el_border_width=&#8221;20&#8243;][\/vc_column][\/vc_row][vc_row][vc_column][vc_column_text css=&#8221;&#8221;] Bayilik S\u00fcreci Nas\u0131l \u0130\u015fliyor? [\/vc_column_text][\/vc_column][\/vc_row][vc_row][vc_column][vc_column_text css=&#8221;&#8221;] \u00a0Bayilik i\u00e7in \u00f6nce formu doldurunuz. Ba\u015fvurunuzun ard\u0131ndan, online \u00f6n g\u00f6r\u00fc\u015fme yapmak i\u00e7in adaylara randevu verilir. Aday, d\u00fckkan [&hellip;]<\/p>\n","protected":false},"author":1,"featured_media":0,"parent":0,"menu_order":0,"comment_status":"closed","ping_status":"closed","template":"templates\/visualcomposer_template.php","meta":{"_monsterinsights_skip_tracking":false,"_monsterinsights_sitenote_active":false,"_monsterinsights_sitenote_note":"","_monsterinsights_sitenote_category":0,"footnotes":""},"class_list":["post-255","page","type-page","status-publish","hentry"],"aioseo_notices":[],"_links":{"self":[{"href":"http:\/\/www.holmesburger.com\/index.php\/wp-json\/wp\/v2\/pages\/255","targetHints":{"allow":["GET"]}}],"collection":[{"href":"http:\/\/www.holmesburger.com\/index.php\/wp-json\/wp\/v2\/pages"}],"about":[{"href":"http:\/\/www.holmesburger.com\/index.php\/wp-json\/wp\/v2\/types\/page"}],"author":[{"embeddable":true,"href":"http:\/\/www.holmesburger.com\/index.php\/wp-json\/wp\/v2\/users\/1"}],"replies":[{"embeddable":true,"href":"http:\/\/www.holmesburger.com\/index.php\/wp-json\/wp\/v2\/comments?post=255"}],"version-history":[{"count":9,"href":"http:\/\/www.holmesburger.com\/index.php\/wp-json\/wp\/v2\/pages\/255\/revisions"}],"predecessor-version":[{"id":732,"href":"http:\/\/www.holmesburger.com\/index.php\/wp-json\/wp\/v2\/pages\/255\/revisions\/732"}],"wp:attachment":[{"href":"http:\/\/www.holmesburger.com\/index.php\/wp-json\/wp\/v2\/media?parent=255"}],"curies":[{"name":"wp","href":"https:\/\/api.w.org\/{rel}","templated":true}]}}