{"id":311,"date":"2016-03-04T04:09:55","date_gmt":"2016-03-04T04:09:55","guid":{"rendered":"http:\/\/www.holmesburger.com\/?page_id=311"},"modified":"2025-11-06T14:11:17","modified_gmt":"2025-11-06T14:11:17","slug":"contact","status":"publish","type":"page","link":"http:\/\/www.holmesburger.com\/index.php\/contact\/","title":{"rendered":"\u0130leti\u015fim"},"content":{"rendered":"<div class=\"wpb-content-wrapper\"><p>[vc_row parallax=&#8221;content-moving&#8221; parallax_image=&#8221;544&#8243; ova_bg_pattern=&#8221;rgba(17,17,17,0.55)&#8221; css=&#8221;.vc_custom_1457764408904{margin-top: 15px !important;}&#8221;][vc_column css=&#8221;.vc_custom_1761499400353{padding-top: 220px !important;padding-bottom: 80px !important;background-color: #FFFFFF !important;background-position: 0 0 !important;background-repeat: no-repeat !important;}&#8221;]<div class=\"text-center\"><h2 class=\"section-title  wow bounceIn black\">Bize Ula\u015f\u0131n<\/h2><\/div>[\/vc_column][\/vc_row][vc_row el_class=&#8221;section-grey&#8221;][vc_column el_class=&#8221;text-center&#8221; offset=&#8221;vc_col-lg-offset-1 vc_col-lg-10 vc_col-md-offset-1 vc_col-md-10&#8243;]<div class=\"\"><h2 class=\"section-title  wow small-margin wow fadeIn\">\u0130leti\u015fim Formu<\/h2><p class=\"wow fadeInUp\">Holmes Burger \u00fcr\u00fcnleri \/ hizmetleri ile ilgili soru, g\u00f6r\u00fc\u015f ve \u00f6nerileriniz i\u00e7in bize yaz\u0131n\u0131z.<\/p><\/div>\n<div class=\"wpcf7 no-js\" id=\"wpcf7-f7-o1\" lang=\"tr-TR\" dir=\"ltr\" data-wpcf7-id=\"7\">\n<div class=\"screen-reader-response\"><p role=\"status\" aria-live=\"polite\" aria-atomic=\"true\"><\/p> <ul><\/ul><\/div>\n<form action=\"\/index.php\/wp-json\/wp\/v2\/pages\/311#wpcf7-f7-o1\" method=\"post\" class=\"wpcf7-form init\" aria-label=\"\u0130leti\u015fim Formu\" novalidate=\"novalidate\" data-status=\"init\">\n<fieldset class=\"hidden-fields-container\"><input type=\"hidden\" name=\"_wpcf7\" value=\"7\" \/><input type=\"hidden\" name=\"_wpcf7_version\" value=\"6.1.5\" \/><input type=\"hidden\" name=\"_wpcf7_locale\" value=\"tr_TR\" \/><input type=\"hidden\" name=\"_wpcf7_unit_tag\" value=\"wpcf7-f7-o1\" \/><input type=\"hidden\" name=\"_wpcf7_container_post\" value=\"0\" \/><input type=\"hidden\" name=\"_wpcf7_posted_data_hash\" value=\"\" \/>\n<\/fieldset>\n<div class=\"col-md-6 wow slideInLeft\" data-wow-delay=\"0.5s\">\n\t<p><span class=\"wpcf7-form-control-wrap\" data-name=\"your-name\"><input size=\"40\" maxlength=\"400\" class=\"wpcf7-form-control wpcf7-text wpcf7-validates-as-required contact-input white-input\" aria-required=\"true\" aria-invalid=\"false\" placeholder=\"Ad\u0131n\u0131z - Soyad\u0131n\u0131z*\" value=\"\" type=\"text\" name=\"your-name\" \/><\/span><br \/>\n<span class=\"wpcf7-form-control-wrap\" data-name=\"your-email\"><input size=\"40\" maxlength=\"400\" class=\"wpcf7-form-control wpcf7-email wpcf7-validates-as-required wpcf7-text wpcf7-validates-as-email contact-input white-input\" aria-required=\"true\" aria-invalid=\"false\" placeholder=\"Email Adresiniz*\" value=\"\" type=\"email\" name=\"your-email\" \/><\/span><br \/>\n<span class=\"wpcf7-form-control-wrap\" data-name=\"your-subject\"><input size=\"40\" maxlength=\"400\" class=\"wpcf7-form-control wpcf7-text wpcf7-validates-as-required contact-input white-input\" aria-required=\"true\" aria-invalid=\"false\" placeholder=\"Telefon Numaran\u0131z\" value=\"\" type=\"text\" name=\"your-subject\" \/><\/span>\n\t<\/p>\n<\/div>\n<div class=\"col-md-6 wow slideInRight\" data-wow-delay=\"0.5s\">\n\t<p><span class=\"wpcf7-form-control-wrap\" data-name=\"your-message\"><textarea cols=\"40\" rows=\"10\" maxlength=\"2000\" class=\"wpcf7-form-control wpcf7-textarea wpcf7-validates-as-required white-input contact-commnent\" aria-required=\"true\" aria-invalid=\"false\" placeholder=\"Mesaj\u0131n\u0131z\u0131 Yaz\u0131n\u0131z...\" name=\"your-message\"><\/textarea><\/span>\n\t<\/p>\n<\/div>\n<p><input class=\"wpcf7-form-control wpcf7-submit has-spinner contact-submit wow fadeInUp\" type=\"submit\" value=\"G\u00f6nder\" \/>\n<\/p><p style=\"display: none !important;\" class=\"akismet-fields-container\" data-prefix=\"_wpcf7_ak_\"><label>&#916;<textarea name=\"_wpcf7_ak_hp_textarea\" cols=\"45\" rows=\"8\" maxlength=\"100\"><\/textarea><\/label><input type=\"hidden\" id=\"ak_js_1\" name=\"_wpcf7_ak_js\" value=\"32\"\/><script type=\"text\/javascript\">\n\/* <![CDATA[ *\/\ndocument.getElementById( \"ak_js_1\" ).setAttribute( \"value\", ( new Date() ).getTime() );\n\/* ]]> *\/\n<\/script>\n<\/p><div class=\"wpcf7-response-output\" aria-hidden=\"true\"><\/div>\n<\/form>\n<\/div>\n[vc_column_text css=&#8221;&#8221;]<\/p>\n<h2 style=\"text-align: center;\"><strong>\u0130LET\u0130\u015e\u0130M B\u0130LG\u0130LER\u0130M\u0130Z<\/strong><\/h2>\n<p>[\/vc_column_text][vc_column_text css=&#8221;&#8221;]<\/p>\n<h6 style=\"text-align: left;\"><span style=\"color: #000000;\"><strong>Adres: <\/strong>Necip Faz\u0131l Mah. Ender Sk. No:28\/A<\/span><\/h6>\n<h6 style=\"text-align: left;\"><span style=\"color: #000000;\"> Esenyurt \/ \u0130stanbul<\/span><\/h6>\n<h6><\/h6>\n<h6 style=\"text-align: left;\"><span style=\"color: #000000;\"><strong>E-Posta:<span style=\"color: #ff0000;\">&nbsp;<\/span><\/strong><span style=\"color: #ff0000;\"><a style=\"color: #ff0000;\" href=\"mailto:info@holmesburger.com\">info@holmesburger.com<\/a><\/span><\/span><\/h6>\n<h6><\/h6>\n<h6><\/h6>\n<h6><\/h6>\n<h6><\/h6>\n<h6><\/h6>\n<p>&nbsp;<\/p>\n<p>&nbsp;<\/p>\n<h6><\/h6>\n<h6 style=\"text-align: left;\"><span style=\"color: #000000;\"><strong>Bayilik Hakk\u0131nda Bilgi Almak \u0130\u00e7in;<\/strong><\/span><\/h6>\n<h6 style=\"text-align: left;\"><span style=\"color: #ff0000;\"><a style=\"color: #ff0000;\" href=\"mailto:bayi@holmesburger.com\">bayi@holmesburger.com<\/a><\/span><\/h6>\n<h6 style=\"text-align: left;\"><span style=\"color: #000000;\"><a style=\"color: #000000;\" href=\"tel:+905545365790\"><strong>0554 536 57 90<\/strong><\/a><\/span><\/h6>\n<p>[\/vc_column_text][\/vc_column][\/vc_row][vc_row][vc_column][\/vc_column][\/vc_row]<\/p>\n<\/div>","protected":false},"excerpt":{"rendered":"<p>[vc_row parallax=&#8221;content-moving&#8221; parallax_image=&#8221;544&#8243; ova_bg_pattern=&#8221;rgba(17,17,17,0.55)&#8221; css=&#8221;.vc_custom_1457764408904{margin-top: 15px !important;}&#8221;][vc_column css=&#8221;.vc_custom_1761499400353{padding-top: 220px !important;padding-bottom: 80px !important;background-color: #FFFFFF !important;background-position: 0 0 !important;background-repeat: no-repeat !important;}&#8221;][\/vc_column][\/vc_row][vc_row el_class=&#8221;section-grey&#8221;][vc_column el_class=&#8221;text-center&#8221; offset=&#8221;vc_col-lg-offset-1 vc_col-lg-10 vc_col-md-offset-1 vc_col-md-10&#8243;][vc_column_text css=&#8221;&#8221;] \u0130LET\u0130\u015e\u0130M B\u0130LG\u0130LER\u0130M\u0130Z [\/vc_column_text][vc_column_text css=&#8221;&#8221;] Adres: Necip Faz\u0131l Mah. Ender Sk. No:28\/A Esenyurt \/ \u0130stanbul E-Posta:&nbsp;info@holmesburger.com &nbsp; &nbsp; Bayilik Hakk\u0131nda Bilgi Almak \u0130\u00e7in; bayi@holmesburger.com 0554 536 57 90 [\/vc_column_text][\/vc_column][\/vc_row][vc_row][vc_column][\/vc_column][\/vc_row]<\/p>\n","protected":false},"author":1,"featured_media":636,"parent":0,"menu_order":0,"comment_status":"closed","ping_status":"closed","template":"templates\/visualcomposer_template.php","meta":{"_monsterinsights_skip_tracking":false,"_monsterinsights_sitenote_active":false,"_monsterinsights_sitenote_note":"","_monsterinsights_sitenote_category":0,"footnotes":""},"class_list":["post-311","page","type-page","status-publish","has-post-thumbnail","hentry"],"aioseo_notices":[],"_links":{"self":[{"href":"http:\/\/www.holmesburger.com\/index.php\/wp-json\/wp\/v2\/pages\/311","targetHints":{"allow":["GET"]}}],"collection":[{"href":"http:\/\/www.holmesburger.com\/index.php\/wp-json\/wp\/v2\/pages"}],"about":[{"href":"http:\/\/www.holmesburger.com\/index.php\/wp-json\/wp\/v2\/types\/page"}],"author":[{"embeddable":true,"href":"http:\/\/www.holmesburger.com\/index.php\/wp-json\/wp\/v2\/users\/1"}],"replies":[{"embeddable":true,"href":"http:\/\/www.holmesburger.com\/index.php\/wp-json\/wp\/v2\/comments?post=311"}],"version-history":[{"count":17,"href":"http:\/\/www.holmesburger.com\/index.php\/wp-json\/wp\/v2\/pages\/311\/revisions"}],"predecessor-version":[{"id":739,"href":"http:\/\/www.holmesburger.com\/index.php\/wp-json\/wp\/v2\/pages\/311\/revisions\/739"}],"wp:featuredmedia":[{"embeddable":true,"href":"http:\/\/www.holmesburger.com\/index.php\/wp-json\/wp\/v2\/media\/636"}],"wp:attachment":[{"href":"http:\/\/www.holmesburger.com\/index.php\/wp-json\/wp\/v2\/media?parent=311"}],"curies":[{"name":"wp","href":"https:\/\/api.w.org\/{rel}","templated":true}]}}