{"id":466,"date":"2016-03-08T06:39:05","date_gmt":"2016-03-08T06:39:05","guid":{"rendered":"http:\/\/www.holmesburger.com\/?page_id=466"},"modified":"2025-10-27T16:17:52","modified_gmt":"2025-10-27T16:17:52","slug":"home-restaurant","status":"publish","type":"page","link":"http:\/\/www.holmesburger.com\/","title":{"rendered":"Anasayfa"},"content":{"rendered":"<div class=\"wpb-content-wrapper\"><p>[vc_row ova_container=&#8221;0&#8243; css=&#8221;.vc_custom_1456820265119{padding-right: 0px !important;padding-left: 0px !important;}&#8221; el_id=&#8221;home&#8221;][vc_column css=&#8221;.vc_custom_1457426333105{padding-right: 0px !important;padding-left: 0px !important;}&#8221;]\n\t\t\t\t<p class=\"rs-p-wp-fix\"><\/p>\n\t\t\t\t<sr7-module data-alias=\"restaurant\" data-id=\"11\" id=\"SR7_11_1\" class=\"rs-ov-hidden\" data-version=\"6.7.37\">\n\t\t\t\t\t<sr7-adjuster><\/sr7-adjuster>\n\t\t\t\t\t<sr7-content>\n\t\t\t\t\t\t<sr7-slide id=\"SR7_11_1-26\" data-key=\"26\">\n\t\t\t\t\t\t\t<sr7-bg id=\"SR7_11_1-26-1\" class=\"sr7-layer\"><noscript><img decoding=\"async\" src=\"http:\/\/www.holmesburger.com\/wp-content\/uploads\/2025\/10\/slayt.jpg\" alt=\"\" title=\"slayt\"><\/noscript><\/sr7-bg>\n\t\t\t\t\t\t<\/sr7-slide>\n\t\t\t\t\t\t<sr7-slide id=\"SR7_11_1-32\" data-key=\"32\">\n\t\t\t\t\t\t<\/sr7-slide>\n\t\t\t\t\t<\/sr7-content>\n\t\t\t\t\t<image_lists style=\"display:none\">\n\t\t\t\t\t\t<img data-src=\"\/\/www.holmesburger.com\/wp-content\/uploads\/2025\/10\/slayt.jpg\" data-libid=\"679\" data-lib=\"medialibrary\" title=\"slayt\" width=\"0\" height=\"0\" data-dbsrc=\"Ly93d3cuaG9sbWVzYnVyZ2VyLmNvbS93cC1jb250ZW50L3VwbG9hZHMvMjAyNS8xMC9zbGF5dC5qcGc=\"\/>\n\t\t\t\t\t<\/image_lists>\n\t\t\t\t<\/sr7-module>\n\t\t\t\t<script>\n\t\t\t\t\tSR7.PMH ??={}; SR7.PMH[\"SR7_11_1\"] = {cn:100,state:false,fn: function() { if (_tpt!==undefined && _tpt.prepareModuleHeight !== undefined) {  _tpt.prepareModuleHeight({id:\"SR7_11_1\",el:[868,868,768,960,720],type:'standard',shdw:'0',gh:[868,868,768,960,720],gw:[1240,1240,1024,778,480],vpt:['-100px&#039;,&#039;-100px&#039;,&#039;-100px&#039;,&#039;-100px&#039;,&#039;-100px'],size:{fullWidth:true, fullHeight:true},fho:',60px',mh:'0',onh:0,onw:0,bg:{color:'{\"orig\":\"transparent\",\"type\":\"solid\",\"string\":\"transparent\"}'},plType:'0',plColor:'#FFFFFF'});   SR7.PMH[\"SR7_11_1\"].state=true;} else if(SR7.PMH[\"SR7_11_1\"].cn-->0)\tsetTimeout( SR7.PMH[\"SR7_11_1\"].fn,19);}};SR7.PMH[\"SR7_11_1\" ].fn();\n\t\t\t\t<\/script>\n[\/vc_column][\/vc_row][vc_row el_class=&#8221;section-white&#8221;][vc_column width=&#8221;1\/2&#8243; el_class=&#8221;text-center padding-top-50 padding-bottom-50 wow slideInLeft&#8221;]<div class=\"\"><span class=\"comic-text \">Holmes Burger<\/span><h2 class=\"section-title  \">Lezzetin Doruk Noktas\u0131<\/h2><p class=\"\">Doyurucu men\u00fcler, efsane soslar, \u00e7\u0131t\u0131r tavuklar ve muhte\u015fem burgerler... Hepsi Holmes Burger kalitesiyle! Biz sadece bir fast food markas\u0131 de\u011fil, lezzetiyle fark yaratan yeni nesil burger merkeziyiz.<\/p><\/div>[\/vc_column][vc_column width=&#8221;1\/2&#8243; el_class=&#8221;wow slideInRight&#8221;]<div id=\"2074039062\" class=\"carousel carousel1 slide \" data-interval=\"true\">\n            <div class=\"carousel-inner\">\n                <div class=\"item active\">\n                <div class=\"image-wrapper\">\n                    <img decoding=\"async\" src=\"http:\/\/www.holmesburger.com\/wp-content\/uploads\/2025\/10\/800x539-holmesburger8.jpg\" alt=\"food1\" class=\"width-100\">\n                <\/div>\n            <\/div><div class=\"item \">\n                <div class=\"image-wrapper\">\n                    <img decoding=\"async\" src=\"http:\/\/www.holmesburger.com\/wp-content\/uploads\/2025\/10\/800x539-holmesburger5.jpg\" alt=\"food2\" class=\"width-100\">\n                <\/div>\n            <\/div>\n            <\/div>\n            <ol class=\"carousel-indicators\">\n                <li data-target=\"#2074039062\" data-slide-to=\"0\" class=\"active\"><\/li>\n                <li data-target=\"#2074039062\" data-slide-to=\"1\"><\/li>\n            <\/ol>\n        <\/div>[\/vc_column][\/vc_row][vc_row el_class=&#8221;section-white&#8221;][vc_column width=&#8221;1\/2&#8243; el_class=&#8221;wow slideInLeft&#8221;]<div id=\"1642225509\" class=\"carousel carousel1 slide \" data-interval=\"true\">\n            <div class=\"carousel-inner\">\n                <div class=\"item active\">\n                <div class=\"image-wrapper\">\n                    <img decoding=\"async\" src=\"http:\/\/www.holmesburger.com\/wp-content\/uploads\/2025\/10\/800x539-holmesburger1.jpg\" alt=\"food1\" class=\"width-100\">\n                <\/div>\n            <\/div><div class=\"item \">\n                <div class=\"image-wrapper\">\n                    <img decoding=\"async\" src=\"http:\/\/www.holmesburger.com\/wp-content\/uploads\/2025\/10\/800x539-holmesburger4.jpg\" alt=\"food2\" class=\"width-100\">\n                <\/div>\n            <\/div>\n            <\/div>\n            <ol class=\"carousel-indicators\">\n                <li data-target=\"#1642225509\" data-slide-to=\"0\" class=\"active\"><\/li>\n                <li data-target=\"#1642225509\" data-slide-to=\"1\"><\/li>\n            <\/ol>\n        <\/div>[\/vc_column][vc_column width=&#8221;1\/2&#8243; el_class=&#8221;text-center padding-top-50 padding-bottom-50 wow slideInRight&#8221;]<div class=\"text-center\"><span class=\"comic-text \">S\u0131rla Dolu<\/span><h2 class=\"section-title  \">Men\u00fcler<\/h2><p class=\"\">Holmes Burger kendi \u00f6zel sos ve form\u00fcl\u00fc ile sizlere e\u015fsiz bir lezzet \u015f\u00f6leni haz\u0131rlad\u0131. Lezzetin pe\u015finde dedektif gibi ara\u015ft\u0131rma yapan sen i\u00e7in art\u0131k s\u0131rr\u0131 \u00e7\u00f6zme zaman\u0131 geldi. Sipari\u015fini ver ve s\u0131rra ula\u015f!<\/p><\/div>[\/vc_column][\/vc_row]<\/p>\n<\/div>","protected":false},"excerpt":{"rendered":"<p>[vc_row ova_container=&#8221;0&#8243; css=&#8221;.vc_custom_1456820265119{padding-right: 0px !important;padding-left: 0px !important;}&#8221; el_id=&#8221;home&#8221;][vc_column css=&#8221;.vc_custom_1457426333105{padding-right: 0px !important;padding-left: 0px !important;}&#8221;][\/vc_column][\/vc_row][vc_row el_class=&#8221;section-white&#8221;][vc_column width=&#8221;1\/2&#8243; el_class=&#8221;text-center padding-top-50 padding-bottom-50 wow slideInLeft&#8221;][\/vc_column][vc_column width=&#8221;1\/2&#8243; el_class=&#8221;wow slideInRight&#8221;][\/vc_column][\/vc_row][vc_row el_class=&#8221;section-white&#8221;][vc_column width=&#8221;1\/2&#8243; el_class=&#8221;wow slideInLeft&#8221;][\/vc_column][vc_column width=&#8221;1\/2&#8243; el_class=&#8221;text-center padding-top-50 padding-bottom-50 wow slideInRight&#8221;][\/vc_column][\/vc_row]<\/p>\n","protected":false},"author":1,"featured_media":0,"parent":0,"menu_order":0,"comment_status":"closed","ping_status":"closed","template":"templates\/visualcomposer_template.php","meta":{"_monsterinsights_skip_tracking":false,"_monsterinsights_sitenote_active":false,"_monsterinsights_sitenote_note":"","_monsterinsights_sitenote_category":0,"footnotes":""},"class_list":["post-466","page","type-page","status-publish","hentry"],"aioseo_notices":[],"_links":{"self":[{"href":"http:\/\/www.holmesburger.com\/index.php\/wp-json\/wp\/v2\/pages\/466","targetHints":{"allow":["GET"]}}],"collection":[{"href":"http:\/\/www.holmesburger.com\/index.php\/wp-json\/wp\/v2\/pages"}],"about":[{"href":"http:\/\/www.holmesburger.com\/index.php\/wp-json\/wp\/v2\/types\/page"}],"author":[{"embeddable":true,"href":"http:\/\/www.holmesburger.com\/index.php\/wp-json\/wp\/v2\/users\/1"}],"replies":[{"embeddable":true,"href":"http:\/\/www.holmesburger.com\/index.php\/wp-json\/wp\/v2\/comments?post=466"}],"version-history":[{"count":11,"href":"http:\/\/www.holmesburger.com\/index.php\/wp-json\/wp\/v2\/pages\/466\/revisions"}],"predecessor-version":[{"id":690,"href":"http:\/\/www.holmesburger.com\/index.php\/wp-json\/wp\/v2\/pages\/466\/revisions\/690"}],"wp:attachment":[{"href":"http:\/\/www.holmesburger.com\/index.php\/wp-json\/wp\/v2\/media?parent=466"}],"curies":[{"name":"wp","href":"https:\/\/api.w.org\/{rel}","templated":true}]}}